{"id":109,"date":"2021-03-20T15:06:37","date_gmt":"2021-03-20T15:06:37","guid":{"rendered":"http:\/\/www.endogene.fr\/?page_id=109"},"modified":"2025-03-24T11:38:48","modified_gmt":"2025-03-24T11:38:48","slug":"liens-amis","status":"publish","type":"page","link":"http:\/\/www.endogene.fr\/?page_id=109","title":{"rendered":"Liens amis"},"content":{"rendered":"<div class=\"edit-post-layout__content\" tabindex=\"-1\" role=\"region\" aria-label=\"Contenu de l\u2019\u00e9diteur\">\n<div class=\"edit-post-visual-editor editor-styles-wrapper\" tabindex=\"-1\">\n<div>\n<div class=\"editor-writing-flow block-editor-writing-flow\">\n<div>\n<div>\n<div>\n<div class=\"editor-block-list__layout block-editor-block-list__layout\">\n<div id=\"block-a2958311-8b16-4bef-be62-97696755b35d\" class=\"wp-block editor-block-list__block block-editor-block-list__block is-selected\" tabindex=\"0\" data-type=\"core\/paragraph\" aria-label=\"Bloc\u00a0: Paragraphe\">\n<div class=\"editor-block-list__block-edit block-editor-block-list__block-edit\">\n<div data-block=\"a2958311-8b16-4bef-be62-97696755b35d\">\n<div>\n<div class=\"editor-rich-text block-editor-rich-text\">\n<p>&nbsp;<\/p>\n<\/div>\n<\/div>\n<\/div>\n<\/div>\n<\/div>\n<\/div>\n<\/div>\n<\/div>\n<\/div>\n<\/div>\n<\/div>\n<\/div>\n<\/div>\n<p><a href=\"https:\/\/opening-book.com\/\" target=\"_blank\" rel=\"noreferrer noopener\" aria-label=\"Opening Book (s\u2019ouvre dans un nouvel onglet)\">Opening Book<\/a><\/p>\n<p><a href=\"https:\/\/www.studio-aza.com\/\" target=\"_blank\" rel=\"noreferrer noopener\" aria-label=\"Studio AZA (s\u2019ouvre dans un nouvel onglet)\">Studio AZA<\/a><\/p>\n<p><a href=\"https:\/\/www.instantsvideo.com\/\" target=\"_blank\" rel=\"noreferrer noopener\" aria-label=\"Les Instants Vid\u00e9o (s\u2019ouvre dans un nouvel onglet)\">Les Instants Vid\u00e9o<\/a><\/p>\n<p><a href=\"https:\/\/www.p-silo.org\/\" target=\"_blank\" rel=\"noreferrer noopener\" aria-label=\"P'Silo (s\u2019ouvre dans un nouvel onglet)\">P&rsquo;Silo<\/a><\/p>\n<p><a href=\"https:\/\/imagesordinaires.wixsite.com\/imagesordinaires\/images-ordinaires\" target=\"_blank\" rel=\"noreferrer noopener\">Jean-Paul Braud<\/a><\/p>\n<p><a href=\"https:\/\/helenedassavray.fr\/\" target=\"_blank\" rel=\"noreferrer noopener\" aria-label=\"H\u00e9l\u00e8ne Dassavray (s\u2019ouvre dans un nouvel onglet)\">H\u00e9l\u00e8ne Dassavray<\/a><\/p>\n<p><a href=\"http:\/\/www.scriptorium-marseille.fr\/\" target=\"_blank\" rel=\"noreferrer noopener\" aria-label=\"Le Scriptorium (s\u2019ouvre dans un nouvel onglet)\">Le Scriptorium<\/a><\/p>\n<p><a href=\"http:\/\/www.laboucherielitteraire.com\/\" target=\"_blank\" rel=\"noreferrer noopener\" aria-label=\"La Boucherie Litt\u00e9raire (s\u2019ouvre dans un nouvel onglet)\">La Boucherie Litt\u00e9raire<\/a><\/p>\n<p><a href=\"https:\/\/www.editionsdeslisieres.com\/\" target=\"_blank\" rel=\"noreferrer noopener\" aria-label=\"\u00c9ditions des Lisi\u00e8res (s\u2019ouvre dans un nouvel onglet)\">\u00c9ditions des Lisi\u00e8res<\/a><\/p>\n<p><a href=\"http:\/\/www.laurentchampoussin.com\/\" target=\"_blank\" rel=\"noreferrer noopener\" aria-label=\"Laurent Champoussin Photographe (s\u2019ouvre dans un nouvel onglet)\">Laurent Champoussin Photographe<\/a><\/p>\n<p><a href=\"http:\/\/www.artscineav.fr\/\" target=\"_blank\" rel=\"noreferrer noopener\" aria-label=\"arts - techniciens du Sud-Est (s\u2019ouvre dans un nouvel onglet)\">arts &#8211; techniciens du Sud-Est <\/a><\/p>\n<p><a href=\"https:\/\/www.diphtong.com\/\" target=\"_blank\" rel=\"noreferrer noopener\" aria-label=\"Diphtong Cie \/ Hubert Colas (s\u2019ouvre dans un nouvel onglet)\">Diphtong Cie \/ Hubert Colas<\/a><\/p>\n<p><a href=\"https:\/\/www.hometheatre.fr\/\" target=\"_blank\" rel=\"noopener noreferrer\">Compagnie Home Th\u00e9\u00e2tre<\/a><\/p>\n<p><a href=\"https:\/\/parlesvillagesopn.com\/\" target=\"_blank\" rel=\"noopener noreferrer\">Par les Villages \/ Opening Nights<\/a><\/p>\n<p><a href=\"http:\/\/cciccolella.com\/\">Claude Ciccolella<\/a><\/p>\n<p><a href=\"https:\/\/henri-perrier-gustin.com\/\">Henri Perrier Gustin<\/a><\/p>\n<p><a href=\"https:\/\/mariephilippejoncheray.wordpress.com\/\">Marie-Philippe Joncheray<\/a><\/p>\n<p><a href=\"https:\/\/plunambule.com\/\">Anne-Claire Bosh\u00e2<\/a><\/p>\n<p>&nbsp;<\/p>\n<p>&nbsp;<\/p>\n<div class=\"components-panel__body edit-post-settings-sidebar__panel-block is-opened\">\n<div class=\"block-editor-block-card\"><\/div>\n<\/div>\n<div class=\"block-editor-block-card\">\n<div class=\"block-editor-block-card__content\">\n<div class=\"block-editor-block-card__title\">Paragraphe<\/div>\n<div class=\"block-editor-block-card__description\">Commencez par la pierre angulaire de tout r\u00e9cit.<\/div>\n<\/div>\n<\/div>\n<div>\n<div class=\"components-panel__body blocks-font-size is-opened\">\n<h2 class=\"components-panel__body-title\"><\/h2>\n<\/div>\n<\/div>\n<p>Taille de police<\/p>\n<div class=\"components-font-size-picker__controls\">\n<div class=\"components-base-control components-font-size-picker__select\">\n<div class=\"components-base-control__field\"><label class=\"components-base-control__label screen-reader-text\" for=\"inspector-select-control-1\">Choose preset<\/label><\/div>\n<\/div>\n<\/div>\n<p><input class=\"components-range-control__number\" type=\"number\" value=\"\" aria-label=\"Lien\" \/><\/p>\n<div class=\"components-base-control__field\"><span class=\"components-form-toggle\"><input id=\"inspector-toggle-control-0\" class=\"components-form-toggle__input\" type=\"checkbox\" aria-describedby=\"inspector-toggle-control-0__help\" \/><\/span><\/div>\n<div class=\"components-panel__body blocks-font-size is-opened\">\n<div class=\"components-base-control components-toggle-control\">\n<div class=\"components-base-control__field\"><label class=\"components-toggle-control__label\" for=\"inspector-toggle-control-0\">Lettrine<\/label><\/div>\n<p id=\"inspector-toggle-control-0__help\" class=\"components-base-control__help\">Cliquez pour afficher une lettrine.<\/p>\n<\/div>\n<\/div>\n<div class=\"components-panel__body editor-panel-color-settings block-editor-panel-color-settings\">\n<h2 class=\"components-panel__body-title\"><\/h2>\n<\/div>\n<div>\n<div class=\"components-panel__body editor-block-inspector__advanced block-editor-block-inspector__advanced\">\n<h2 class=\"components-panel__body-title\"><\/h2>\n<\/div>\n<\/div>\n<div id=\"wpbody\" role=\"main\">\n<div id=\"wpbody-content\">\n<div class=\"block-editor\">\n<div id=\"editor\" class=\"block-editor__container hide-if-no-js\">\n<div class=\"components-drop-zone__provider\">\n<div class=\"components-navigate-regions\">\n<div class=\"edit-post-layout is-sidebar-opened\">\n<div><\/div>\n<\/div>\n<\/div>\n<\/div>\n<\/div>\n<\/div>\n<\/div>\n<div class=\"clear\"><\/div>\n<\/div>\n<div class=\"clear\"><\/div>\n","protected":false},"excerpt":{"rendered":"<p>&nbsp; Opening Book Studio AZA Les Instants Vid\u00e9o P&rsquo;Silo Jean-Paul Braud H\u00e9l\u00e8ne Dassavray Le Scriptorium La Boucherie Litt\u00e9raire \u00c9ditions des Lisi\u00e8res Laurent Champoussin Photographe arts &#8211; techniciens du Sud-Est Diphtong Cie \/ Hubert Colas Compagnie Home Th\u00e9\u00e2tre Par les Villages \/ Opening Nights Claude Ciccolella Henri Perrier Gustin Marie-Philippe Joncheray Anne-Claire Bosh\u00e2 &nbsp; &nbsp; Paragraphe &hellip; <\/p>\n<p class=\"link-more\"><a href=\"http:\/\/www.endogene.fr\/?page_id=109\" class=\"more-link\">Continuer la lecture<span class=\"screen-reader-text\"> de &laquo;&nbsp;Liens amis&nbsp;&raquo;<\/span><\/a><\/p>\n","protected":false},"author":1,"featured_media":0,"parent":0,"menu_order":0,"comment_status":"closed","ping_status":"closed","template":"","meta":[],"_links":{"self":[{"href":"http:\/\/www.endogene.fr\/index.php?rest_route=\/wp\/v2\/pages\/109"}],"collection":[{"href":"http:\/\/www.endogene.fr\/index.php?rest_route=\/wp\/v2\/pages"}],"about":[{"href":"http:\/\/www.endogene.fr\/index.php?rest_route=\/wp\/v2\/types\/page"}],"author":[{"embeddable":true,"href":"http:\/\/www.endogene.fr\/index.php?rest_route=\/wp\/v2\/users\/1"}],"replies":[{"embeddable":true,"href":"http:\/\/www.endogene.fr\/index.php?rest_route=%2Fwp%2Fv2%2Fcomments&post=109"}],"version-history":[{"count":9,"href":"http:\/\/www.endogene.fr\/index.php?rest_route=\/wp\/v2\/pages\/109\/revisions"}],"predecessor-version":[{"id":689,"href":"http:\/\/www.endogene.fr\/index.php?rest_route=\/wp\/v2\/pages\/109\/revisions\/689"}],"wp:attachment":[{"href":"http:\/\/www.endogene.fr\/index.php?rest_route=%2Fwp%2Fv2%2Fmedia&parent=109"}],"curies":[{"name":"wp","href":"https:\/\/api.w.org\/{rel}","templated":true}]}}