{"id":164,"date":"2021-04-04T15:01:03","date_gmt":"2021-04-04T15:01:03","guid":{"rendered":"http:\/\/www.endogene.fr\/?page_id=164"},"modified":"2025-12-12T15:55:06","modified_gmt":"2025-12-12T15:55:06","slug":"un-projet-de-charlotte-hamer-et-emmanuelle-sarrouy","status":"publish","type":"page","link":"http:\/\/www.endogene.fr\/?page_id=164","title":{"rendered":"De l&rsquo;urgence de vivre au ralenti"},"content":{"rendered":"<p><strong>lecture mise en espace de Charlotte Hamer et Emmanuelle Sarrouy<\/strong><\/p>\n<p><img decoding=\"async\" loading=\"lazy\" class=\"alignnone size-full wp-image-691\" src=\"http:\/\/endogene.fr\/wp-content\/uploads\/2025\/12\/de-lurgence-de-vivre-au-ralenti_E.SarrouyCh.Hamer_Couverture-scaled.jpg\" alt=\"\" width=\"2560\" height=\"2560\" srcset=\"http:\/\/endogene.fr\/wp-content\/uploads\/2025\/12\/de-lurgence-de-vivre-au-ralenti_E.SarrouyCh.Hamer_Couverture-scaled.jpg 2560w, http:\/\/endogene.fr\/wp-content\/uploads\/2025\/12\/de-lurgence-de-vivre-au-ralenti_E.SarrouyCh.Hamer_Couverture-300x300.jpg 300w, http:\/\/endogene.fr\/wp-content\/uploads\/2025\/12\/de-lurgence-de-vivre-au-ralenti_E.SarrouyCh.Hamer_Couverture-1024x1024.jpg 1024w, http:\/\/endogene.fr\/wp-content\/uploads\/2025\/12\/de-lurgence-de-vivre-au-ralenti_E.SarrouyCh.Hamer_Couverture-150x150.jpg 150w, http:\/\/endogene.fr\/wp-content\/uploads\/2025\/12\/de-lurgence-de-vivre-au-ralenti_E.SarrouyCh.Hamer_Couverture-768x768.jpg 768w, http:\/\/endogene.fr\/wp-content\/uploads\/2025\/12\/de-lurgence-de-vivre-au-ralenti_E.SarrouyCh.Hamer_Couverture-1536x1536.jpg 1536w, http:\/\/endogene.fr\/wp-content\/uploads\/2025\/12\/de-lurgence-de-vivre-au-ralenti_E.SarrouyCh.Hamer_Couverture-2048x2048.jpg 2048w, http:\/\/endogene.fr\/wp-content\/uploads\/2025\/12\/de-lurgence-de-vivre-au-ralenti_E.SarrouyCh.Hamer_Couverture-100x100.jpg 100w\" sizes=\"(max-width: 767px) 89vw, (max-width: 1000px) 54vw, (max-width: 1071px) 543px, 580px\" \/><\/p>\n<p><em><strong>De l&rsquo;urgence de vivre au ralenti<\/strong> <\/em><\/p>\n<p>Texte : Charlotte Hamer, Emmanuelle Sarrouy<br \/>\nJeu : Charlotte Hamer, Emmanuelle Sarrouy<br \/>\nMise en espace : Charlotte Hamer, Emmanuelle Sarrouy<\/p>\n<p>Elle l\u2019avait dit<br \/>\nAvant le confinement g\u00e9n\u00e9ralis\u00e9<br \/>\nQu\u2019il \u00e9tait urgent de vivre au ralenti<br \/>\nMais \u00e0 quel prix !<br \/>\nQu\u2019il \u00e9tait urgent de vivre au ralenti mais<br \/>\nL\u2019avaient-ils compris ?<br \/>\nC\u2019est le printemps aujourd\u2019hui<br \/>\nDehors les fleurs s\u2019envolent en farandole<br \/>\nEt sur la chaise longue elle s\u2019est assoupie<\/p>\n<p>\u2022\u00a0 <a href=\"https:\/\/vimeo.com\/manage\/videos\/1145972994\">Teaser 4 min\u00a0<\/a><\/p>\n<p>\u2022\u00a0 <a href=\"https:\/\/vimeo.com\/manage\/videos\/1145954808\">Teaser 8 min\u00a0<\/a><\/p>\n<p><img decoding=\"async\" loading=\"lazy\" class=\"alignnone size-full wp-image-169\" src=\"http:\/\/endogene.fr\/wp-content\/uploads\/2021\/04\/75130902-EFCD-4935-BF36-46D6CB4AC162-scaled.jpeg\" alt=\"\" width=\"2560\" height=\"1440\" srcset=\"http:\/\/endogene.fr\/wp-content\/uploads\/2021\/04\/75130902-EFCD-4935-BF36-46D6CB4AC162-scaled.jpeg 2560w, http:\/\/endogene.fr\/wp-content\/uploads\/2021\/04\/75130902-EFCD-4935-BF36-46D6CB4AC162-300x169.jpeg 300w, http:\/\/endogene.fr\/wp-content\/uploads\/2021\/04\/75130902-EFCD-4935-BF36-46D6CB4AC162-1024x576.jpeg 1024w, http:\/\/endogene.fr\/wp-content\/uploads\/2021\/04\/75130902-EFCD-4935-BF36-46D6CB4AC162-768x432.jpeg 768w, http:\/\/endogene.fr\/wp-content\/uploads\/2021\/04\/75130902-EFCD-4935-BF36-46D6CB4AC162-1536x864.jpeg 1536w, http:\/\/endogene.fr\/wp-content\/uploads\/2021\/04\/75130902-EFCD-4935-BF36-46D6CB4AC162-2048x1152.jpeg 2048w\" sizes=\"(max-width: 767px) 89vw, (max-width: 1000px) 54vw, (max-width: 1071px) 543px, 580px\" \/><\/p>\n<p><img decoding=\"async\" loading=\"lazy\" class=\"alignnone  wp-image-692\" src=\"http:\/\/endogene.fr\/wp-content\/uploads\/2025\/12\/IMG_2491-scaled.jpeg\" alt=\"\" width=\"575\" height=\"767\" srcset=\"http:\/\/endogene.fr\/wp-content\/uploads\/2025\/12\/IMG_2491-scaled.jpeg 1920w, http:\/\/endogene.fr\/wp-content\/uploads\/2025\/12\/IMG_2491-225x300.jpeg 225w, http:\/\/endogene.fr\/wp-content\/uploads\/2025\/12\/IMG_2491-768x1024.jpeg 768w, http:\/\/endogene.fr\/wp-content\/uploads\/2025\/12\/IMG_2491-1152x1536.jpeg 1152w, http:\/\/endogene.fr\/wp-content\/uploads\/2025\/12\/IMG_2491-1536x2048.jpeg 1536w\" sizes=\"(max-width: 575px) 100vw, 575px\" \/><\/p>\n","protected":false},"excerpt":{"rendered":"<p>lecture mise en espace de Charlotte Hamer et Emmanuelle Sarrouy De l&rsquo;urgence de vivre au ralenti Texte : Charlotte Hamer, Emmanuelle Sarrouy Jeu : Charlotte Hamer, Emmanuelle Sarrouy Mise en espace : Charlotte Hamer, Emmanuelle Sarrouy Elle l\u2019avait dit Avant le confinement g\u00e9n\u00e9ralis\u00e9 Qu\u2019il \u00e9tait urgent de vivre au ralenti Mais \u00e0 quel prix ! &hellip; <\/p>\n<p class=\"link-more\"><a href=\"http:\/\/www.endogene.fr\/?page_id=164\" class=\"more-link\">Continuer la lecture<span class=\"screen-reader-text\"> de &laquo;&nbsp;De l&rsquo;urgence de vivre au ralenti&nbsp;&raquo;<\/span><\/a><\/p>\n","protected":false},"author":1,"featured_media":0,"parent":0,"menu_order":0,"comment_status":"closed","ping_status":"closed","template":"","meta":[],"_links":{"self":[{"href":"http:\/\/www.endogene.fr\/index.php?rest_route=\/wp\/v2\/pages\/164"}],"collection":[{"href":"http:\/\/www.endogene.fr\/index.php?rest_route=\/wp\/v2\/pages"}],"about":[{"href":"http:\/\/www.endogene.fr\/index.php?rest_route=\/wp\/v2\/types\/page"}],"author":[{"embeddable":true,"href":"http:\/\/www.endogene.fr\/index.php?rest_route=\/wp\/v2\/users\/1"}],"replies":[{"embeddable":true,"href":"http:\/\/www.endogene.fr\/index.php?rest_route=%2Fwp%2Fv2%2Fcomments&post=164"}],"version-history":[{"count":12,"href":"http:\/\/www.endogene.fr\/index.php?rest_route=\/wp\/v2\/pages\/164\/revisions"}],"predecessor-version":[{"id":693,"href":"http:\/\/www.endogene.fr\/index.php?rest_route=\/wp\/v2\/pages\/164\/revisions\/693"}],"wp:attachment":[{"href":"http:\/\/www.endogene.fr\/index.php?rest_route=%2Fwp%2Fv2%2Fmedia&parent=164"}],"curies":[{"name":"wp","href":"https:\/\/api.w.org\/{rel}","templated":true}]}}