{"id":185,"date":"2021-04-05T15:15:17","date_gmt":"2021-04-05T15:15:17","guid":{"rendered":"http:\/\/www.endogene.fr\/?page_id=185"},"modified":"2021-04-28T17:12:35","modified_gmt":"2021-04-28T17:12:35","slug":"le-champ-dillusions-serie-2018","status":"publish","type":"page","link":"http:\/\/www.endogene.fr\/?page_id=185","title":{"rendered":"Le champ d&rsquo;illusions (s\u00e9rie 2018-\u2026)"},"content":{"rendered":"<p>LE CHAMP D&rsquo;ILLUSIONS (s\u00e9rie 2018-\u2026)<\/p>\n<p>\u00ab\u00a0J\u2019habite une grande ville o\u00f9 l\u2019arbre a \u00e9t\u00e9 \u00e9cart\u00e9 des r\u00e9novations urbaines au profit d\u2019une esth\u00e9tique min\u00e9rale totalement inadapt\u00e9e au climat m\u00e9diterran\u00e9en, voire au r\u00e9chauffement climatique ind\u00e9niable. Dans la nature, la puissance protectrice des arbres et des v\u00e9g\u00e9taux s\u2019impose \u00e0 moi comme une \u00e9vidence. Leurs feuillages bienveillants cr\u00e9ent des transparences au potentiel graphique infini, et je retrouve l\u2019\u00e9merveillement des \u00e9t\u00e9s de mon enfance, pass\u00e9s dans les champs. Je travaille ainsi \u00e0 d\u00e9peindre ces paysages comme on se souvient d\u2019un r\u00eave, avec des images fugaces qui se superposent. C\u2019est avec une double exposition \u00e0 la prise de vue que je tends vers une repr\u00e9sentation visuelle impressionniste. Et mon champ de vision, comme balay\u00e9 par branches d\u2019arbres agit\u00e9es par le vent, est sujet \u00e0 des illusions visuelles po\u00e9tiques.\u00a0\u00bb\u00a0 Jean-Paul Nogu\u00e8s<\/p>\n<p>THE FIELD OF ILLUSION <em>\u2013 \u00ab\u00a0I live in a big city where the tree has been removed from urban renovations in favor of a mineral aesthetic totally unsuited to the Mediterranean climate, or even to the undeniable global warming. In nature, the protective power of trees and plants is obvious to me. Their benevolent foliage creates transparencies with infinite graphic potential, and I rediscover the wonder of the summers of my childhood, spent in the fields. I thus work to depict these landscapes as we remember a dream, with fleeting images that are superimposed. It is with a double exposure to the shot that I tend towards an impressionist visual representation. And my field of vision, as if swept by branches of trees shaken by the wind, is subject to poetic visual illusions.\u00a0\u00bb Jean-Paul Nogu\u00e8s<\/em><\/p>\n<p><a href=\"http:\/\/www.jeanpaulnogues.com\/serie-le-champ-dillusion-the-field-of-illusion\/\" target=\"_blank\" rel=\"noopener noreferrer\"><img decoding=\"async\" loading=\"lazy\" class=\"alignnone wp-image-202\" src=\"http:\/\/endogene.fr\/wp-content\/uploads\/2021\/04\/Le-Champ-dillusion-7-2020.jpg\" alt=\"\" width=\"454\" height=\"454\" srcset=\"http:\/\/endogene.fr\/wp-content\/uploads\/2021\/04\/Le-Champ-dillusion-7-2020.jpg 570w, http:\/\/endogene.fr\/wp-content\/uploads\/2021\/04\/Le-Champ-dillusion-7-2020-300x300.jpg 300w, http:\/\/endogene.fr\/wp-content\/uploads\/2021\/04\/Le-Champ-dillusion-7-2020-150x150.jpg 150w, http:\/\/endogene.fr\/wp-content\/uploads\/2021\/04\/Le-Champ-dillusion-7-2020-100x100.jpg 100w\" sizes=\"(max-width: 454px) 100vw, 454px\" \/><\/a><\/p>\n<p>&nbsp;<\/p>\n<p>&nbsp;<\/p>\n","protected":false},"excerpt":{"rendered":"<p>LE CHAMP D&rsquo;ILLUSIONS (s\u00e9rie 2018-\u2026) \u00ab\u00a0J\u2019habite une grande ville o\u00f9 l\u2019arbre a \u00e9t\u00e9 \u00e9cart\u00e9 des r\u00e9novations urbaines au profit d\u2019une esth\u00e9tique min\u00e9rale totalement inadapt\u00e9e au climat m\u00e9diterran\u00e9en, voire au r\u00e9chauffement climatique ind\u00e9niable. Dans la nature, la puissance protectrice des arbres et des v\u00e9g\u00e9taux s\u2019impose \u00e0 moi comme une \u00e9vidence. Leurs feuillages bienveillants cr\u00e9ent des transparences &hellip; <\/p>\n<p class=\"link-more\"><a href=\"http:\/\/www.endogene.fr\/?page_id=185\" class=\"more-link\">Continuer la lecture<span class=\"screen-reader-text\"> de &laquo;&nbsp;Le champ d&rsquo;illusions (s\u00e9rie 2018-\u2026)&nbsp;&raquo;<\/span><\/a><\/p>\n","protected":false},"author":1,"featured_media":0,"parent":0,"menu_order":0,"comment_status":"closed","ping_status":"closed","template":"","meta":[],"_links":{"self":[{"href":"http:\/\/www.endogene.fr\/index.php?rest_route=\/wp\/v2\/pages\/185"}],"collection":[{"href":"http:\/\/www.endogene.fr\/index.php?rest_route=\/wp\/v2\/pages"}],"about":[{"href":"http:\/\/www.endogene.fr\/index.php?rest_route=\/wp\/v2\/types\/page"}],"author":[{"embeddable":true,"href":"http:\/\/www.endogene.fr\/index.php?rest_route=\/wp\/v2\/users\/1"}],"replies":[{"embeddable":true,"href":"http:\/\/www.endogene.fr\/index.php?rest_route=%2Fwp%2Fv2%2Fcomments&post=185"}],"version-history":[{"count":11,"href":"http:\/\/www.endogene.fr\/index.php?rest_route=\/wp\/v2\/pages\/185\/revisions"}],"predecessor-version":[{"id":284,"href":"http:\/\/www.endogene.fr\/index.php?rest_route=\/wp\/v2\/pages\/185\/revisions\/284"}],"wp:attachment":[{"href":"http:\/\/www.endogene.fr\/index.php?rest_route=%2Fwp%2Fv2%2Fmedia&parent=185"}],"curies":[{"name":"wp","href":"https:\/\/api.w.org\/{rel}","templated":true}]}}