{"id":299,"date":"2021-04-28T17:34:05","date_gmt":"2021-04-28T17:34:05","guid":{"rendered":"http:\/\/www.endogene.fr\/?page_id=299"},"modified":"2022-02-24T12:07:36","modified_gmt":"2022-02-24T12:07:36","slug":"jean-paul-nogues","status":"publish","type":"page","link":"http:\/\/www.endogene.fr\/?page_id=299","title":{"rendered":"Jean-Paul Nogu\u00e8s"},"content":{"rendered":"<p>BIOGRAPHIE<\/p>\n<p>N\u00e9 en 1967. Vit et travaille \u00e0 Marseille (France).<\/p>\n<p>Jean Paul Nogu\u00e8s d\u00e9couvre la photographie \u00e0 14 ans avec un appareil 24\u00d736 ; un RICOH 35 EF offert par sa tante qui lui transmet alors sa passion pour les arts visuels. D\u00e8s ses premi\u00e8res photos, il s\u2019oriente vers les paysages, les corps et l\u2019abstraction.<\/p>\n<p>Dipl\u00f4m\u00e9 de l\u2019Universit\u00e9 d\u2019Aix-Marseille en Sciences de la Terre, puis en Cin\u00e9ma, sa fascination pour les images fixes ou en mouvement s\u2019affirme. Son autre passion, le rock et son expression subversive, l\u2019am\u00e8ne \u00e0 r\u00e9diger en 1993 son m\u00e9moire de Ma\u00eetrise sur <em>La Repr\u00e9sentation du rock au cin\u00e9ma, de Woodstock \u00e0 The Wall<\/em>.<\/p>\n<p>En 2001, Jean Paul Nogu\u00e8s d\u00e9bute son travail atypique de l\u2019image par la r\u00e9alisation de films exp\u00e9rimentaux et d\u2019installations vid\u00e9o principalement autour du corps f\u00e9minin et de l\u2019amour charnel. Ses \u0153uvres sont pr\u00e9sent\u00e9es dans de nombreux festivals et mus\u00e9es dont les Cin\u00e9mas Diff\u00e9rents de Paris, les Instants Vid\u00e9o de Marseille, \u00e0 Oberhausen, Rotterdam, Tokyo, \u00e0 la Tate Modern, au Frac PACA, au Centre Pompidou ou \u00e0 la Cin\u00e9math\u00e8que Fran\u00e7aise.<\/p>\n<p>Au d\u00e9but des ann\u00e9es 2010, son exploration de la repr\u00e9sentation le porte vers des compositions de plans de plus en plus contemplatifs proches de l\u2019image fixe. Suite \u00e0 une remise en question existentielle et un travail introspectif, Jean Paul Nogu\u00e8s entame depuis 2018 une reconstruction personnelle et artistique dans la photographie. Son univers \u00e9volue d\u00e9sormais vers les th\u00e8mes de la condition humaine, de la nature, l\u2019intimit\u00e9 et l\u2019abstraction.<\/p>\n<p><a href=\"http:\/\/www.jeanpaulnogues.com\/\">http:\/\/www.jeanpaulnogues.com\/<\/a><\/p>\n<p><img decoding=\"async\" loading=\"lazy\" class=\"alignnone  wp-image-374\" src=\"http:\/\/endogene.fr\/wp-content\/uploads\/2022\/02\/jpn_portrait_NB_avril_2010-570x570-1.jpg\" alt=\"\" width=\"445\" height=\"445\" srcset=\"http:\/\/endogene.fr\/wp-content\/uploads\/2022\/02\/jpn_portrait_NB_avril_2010-570x570-1.jpg 570w, http:\/\/endogene.fr\/wp-content\/uploads\/2022\/02\/jpn_portrait_NB_avril_2010-570x570-1-300x300.jpg 300w, http:\/\/endogene.fr\/wp-content\/uploads\/2022\/02\/jpn_portrait_NB_avril_2010-570x570-1-150x150.jpg 150w, http:\/\/endogene.fr\/wp-content\/uploads\/2022\/02\/jpn_portrait_NB_avril_2010-570x570-1-100x100.jpg 100w\" sizes=\"(max-width: 445px) 100vw, 445px\" \/><\/p>\n","protected":false},"excerpt":{"rendered":"<p>BIOGRAPHIE N\u00e9 en 1967. Vit et travaille \u00e0 Marseille (France). Jean Paul Nogu\u00e8s d\u00e9couvre la photographie \u00e0 14 ans avec un appareil 24\u00d736 ; un RICOH 35 EF offert par sa tante qui lui transmet alors sa passion pour les arts visuels. D\u00e8s ses premi\u00e8res photos, il s\u2019oriente vers les paysages, les corps et l\u2019abstraction. &hellip; <\/p>\n<p class=\"link-more\"><a href=\"http:\/\/www.endogene.fr\/?page_id=299\" class=\"more-link\">Continuer la lecture<span class=\"screen-reader-text\"> de &laquo;&nbsp;Jean-Paul Nogu\u00e8s&nbsp;&raquo;<\/span><\/a><\/p>\n","protected":false},"author":1,"featured_media":0,"parent":0,"menu_order":0,"comment_status":"closed","ping_status":"closed","template":"","meta":[],"_links":{"self":[{"href":"http:\/\/www.endogene.fr\/index.php?rest_route=\/wp\/v2\/pages\/299"}],"collection":[{"href":"http:\/\/www.endogene.fr\/index.php?rest_route=\/wp\/v2\/pages"}],"about":[{"href":"http:\/\/www.endogene.fr\/index.php?rest_route=\/wp\/v2\/types\/page"}],"author":[{"embeddable":true,"href":"http:\/\/www.endogene.fr\/index.php?rest_route=\/wp\/v2\/users\/1"}],"replies":[{"embeddable":true,"href":"http:\/\/www.endogene.fr\/index.php?rest_route=%2Fwp%2Fv2%2Fcomments&post=299"}],"version-history":[{"count":5,"href":"http:\/\/www.endogene.fr\/index.php?rest_route=\/wp\/v2\/pages\/299\/revisions"}],"predecessor-version":[{"id":375,"href":"http:\/\/www.endogene.fr\/index.php?rest_route=\/wp\/v2\/pages\/299\/revisions\/375"}],"wp:attachment":[{"href":"http:\/\/www.endogene.fr\/index.php?rest_route=%2Fwp%2Fv2%2Fmedia&parent=299"}],"curies":[{"name":"wp","href":"https:\/\/api.w.org\/{rel}","templated":true}]}}