{"id":313,"date":"2021-04-28T18:10:11","date_gmt":"2021-04-28T18:10:11","guid":{"rendered":"http:\/\/www.endogene.fr\/?page_id=313"},"modified":"2022-02-24T15:55:17","modified_gmt":"2022-02-24T15:55:17","slug":"si-seulement-alice","status":"publish","type":"page","link":"http:\/\/www.endogene.fr\/?page_id=313","title":{"rendered":"Si seulement Alice\u2026"},"content":{"rendered":"<p><strong>lecture musicale<\/strong><\/p>\n<p>\u00ab si seulement\u2026 \u00bb est une expression de l\u2019enfance<br \/>\nelle ouvre les portes et le chemin des possibles<\/p>\n<p>dans mon texte Alice a la peau marron<br \/>\nelle s\u2019envole<br \/>\nelle r\u00eave<br \/>\net nous invite \u00e0<br \/>\nenvisager le monde<br \/>\nautrement<\/p>\n<p><em>\u00ab\u00a0Mais alors, dit Alice, si le monde n\u2019a absolument aucun sens qui nous emp\u00eache d\u2019en inventer un\u00a0?\u00a0\u00bb<\/em> Lewis Carroll, <em>Alice au pays des merveilles<\/em><\/p>\n<p><em><strong>lecture musicale, 20 min<br \/>\n<\/strong><\/em>Autrice, lectrice : Emmanuelle Sarrouy<br \/>\nContrebasse, cr\u00e9ation musicale : Patrick Fern\u00e9<br \/>\nGuitare, cr\u00e9ation musicale : Fr\u00e9d\u00e9ric Salles<br \/>\nCr\u00e9ation 2017 @ Collectif Endog\u00e8ne<\/p>\n<p><strong>Lecure accompagn\u00e9e d\u2019Ha\u00efkus d\u00e9saccord\u00e9s<\/strong><br \/>\nHa\u00efkus concoct\u00e9s par Emmanuelle Sarrouy sur petits papiers \u00e9ph\u00e9m\u00e8res\u2026 imprim\u00e9s sur papier buvard, lus et distribu\u00e9s au cours de la soir\u00e9e\u2026<br \/>\n(adaptable selon l\u2019\u00e9v\u00e9nement)<\/p>\n<p><em>l<strong>eur chant encore<\/strong><\/em><br \/>\n<em><strong>dans l\u2019impermanence des choses<\/strong><\/em><br \/>\n<em><strong>je l\u2019entends<\/strong><\/em><\/p>\n<p><strong><em>EXTRAIT<\/em><\/strong><\/p>\n<p>\u00ab\u00a0La petite fille aux m\u00e8ches hirsutes et au cheveu cr\u00e9pu apr\u00e8s s\u2019\u00eatre dans les villes pour un temps perdue, London, Mexico, Port-au-Prince, Acapulco, serait all\u00e9e dans la vaste for\u00eat de nuages se ressourcer. Au pays o\u00f9 les roseaux dansent et o\u00f9 les herbes s\u2019affolent. L\u00e0, tout pr\u00e8s de trois coquelicots abandonn\u00e9s et de quelques foug\u00e8res ombrag\u00e9es, elle aurait sans aucun doute crois\u00e9 la route d\u2019un fennec solitaire qui avait fait le choix de s\u2019exiler. \u00c0 l\u2019abri des regards indiscrets. Ils auraient pass\u00e9 la nuit aupr\u00e8s d\u2019un feu qu\u2019ils auraient joyeusement allum\u00e9 aid\u00e9s par quelques lucioles endiabl\u00e9es. Ils auraient longuement discut\u00e9 \u00e0 propos des peuples de leurs d\u00e9placements et de leurs qu\u00eates d\u2019identit\u00e9. \u00c0 propos du temps de toute \u00e9ternit\u00e9, \u00e0 propos de lumi\u00e8re et d\u2019obscurit\u00e9, \u00e0 propos de leur amour commun pour les pal\u00e9tuviers. Rouges, noirs ou mordor\u00e9s. Et de quelques fantastiques orchid\u00e9es.<\/p>\n<p>Si seulement Alice savait nager\u2026<br \/>\nSur un n\u00e9nuphar argent\u00e9 la grenouille m\u00e9tiss\u00e9e lui chantait son air pr\u00e9f\u00e9r\u00e9.\u00a0\u00bb<\/p>\n<p><img decoding=\"async\" loading=\"lazy\" class=\"alignnone wp-image-394\" src=\"http:\/\/endogene.fr\/wp-content\/uploads\/2022\/02\/IMG_0065.jpg\" alt=\"\" width=\"429\" height=\"429\" srcset=\"http:\/\/endogene.fr\/wp-content\/uploads\/2022\/02\/IMG_0065.jpg 2448w, http:\/\/endogene.fr\/wp-content\/uploads\/2022\/02\/IMG_0065-300x300.jpg 300w, http:\/\/endogene.fr\/wp-content\/uploads\/2022\/02\/IMG_0065-1024x1024.jpg 1024w, http:\/\/endogene.fr\/wp-content\/uploads\/2022\/02\/IMG_0065-150x150.jpg 150w, http:\/\/endogene.fr\/wp-content\/uploads\/2022\/02\/IMG_0065-768x768.jpg 768w, http:\/\/endogene.fr\/wp-content\/uploads\/2022\/02\/IMG_0065-1536x1536.jpg 1536w, http:\/\/endogene.fr\/wp-content\/uploads\/2022\/02\/IMG_0065-2048x2048.jpg 2048w, http:\/\/endogene.fr\/wp-content\/uploads\/2022\/02\/IMG_0065-100x100.jpg 100w\" sizes=\"(max-width: 429px) 100vw, 429px\" \/><\/p>\n","protected":false},"excerpt":{"rendered":"<p>lecture musicale \u00ab si seulement\u2026 \u00bb est une expression de l\u2019enfance elle ouvre les portes et le chemin des possibles dans mon texte Alice a la peau marron elle s\u2019envole elle r\u00eave et nous invite \u00e0 envisager le monde autrement \u00ab\u00a0Mais alors, dit Alice, si le monde n\u2019a absolument aucun sens qui nous emp\u00eache d\u2019en &hellip; <\/p>\n<p class=\"link-more\"><a href=\"http:\/\/www.endogene.fr\/?page_id=313\" class=\"more-link\">Continuer la lecture<span class=\"screen-reader-text\"> de &laquo;&nbsp;Si seulement Alice\u2026&nbsp;&raquo;<\/span><\/a><\/p>\n","protected":false},"author":1,"featured_media":0,"parent":0,"menu_order":0,"comment_status":"closed","ping_status":"closed","template":"","meta":[],"_links":{"self":[{"href":"http:\/\/www.endogene.fr\/index.php?rest_route=\/wp\/v2\/pages\/313"}],"collection":[{"href":"http:\/\/www.endogene.fr\/index.php?rest_route=\/wp\/v2\/pages"}],"about":[{"href":"http:\/\/www.endogene.fr\/index.php?rest_route=\/wp\/v2\/types\/page"}],"author":[{"embeddable":true,"href":"http:\/\/www.endogene.fr\/index.php?rest_route=\/wp\/v2\/users\/1"}],"replies":[{"embeddable":true,"href":"http:\/\/www.endogene.fr\/index.php?rest_route=%2Fwp%2Fv2%2Fcomments&post=313"}],"version-history":[{"count":11,"href":"http:\/\/www.endogene.fr\/index.php?rest_route=\/wp\/v2\/pages\/313\/revisions"}],"predecessor-version":[{"id":407,"href":"http:\/\/www.endogene.fr\/index.php?rest_route=\/wp\/v2\/pages\/313\/revisions\/407"}],"wp:attachment":[{"href":"http:\/\/www.endogene.fr\/index.php?rest_route=%2Fwp%2Fv2%2Fmedia&parent=313"}],"curies":[{"name":"wp","href":"https:\/\/api.w.org\/{rel}","templated":true}]}}