{"id":368,"date":"2022-02-24T12:02:57","date_gmt":"2022-02-24T12:02:57","guid":{"rendered":"http:\/\/www.endogene.fr\/?page_id=368"},"modified":"2022-02-24T12:02:57","modified_gmt":"2022-02-24T12:02:57","slug":"zone-spleenique","status":"publish","type":"page","link":"http:\/\/www.endogene.fr\/?page_id=368","title":{"rendered":"Zone Spleenique"},"content":{"rendered":"<p>ZONE SPLEENINQUE<\/p>\n<p>La zone spleenique fait r\u00e9f\u00e9rence au traitement par chimioth\u00e9rapie que j\u2019ai suivi de 2015 \u00e0 2018 pour un lymphome de la zone marginale spl\u00e9nique, touchant une zone ganglionnaire et affectant la rate. Une maladie indolente qui avait d\u00e9but\u00e9 des ann\u00e9es auparavant \u00e0 mon insu, instaurant en moi un mauvais pressentiment et un \u00ab\u00a0spleen\u00a0\u00bb latent.<\/p>\n<p><em>The spleenic zone refers to the chemotherapy treatment I followed from 2015 to 2018 for a splenic marginal zone lymph, affecting a lymph node and enlarging the spleen. An indolent disease that had begun years before without my knowledge, establishing in me a bad feeling and a latent \u00ab\u00a0spleen\u00a0\u00bb.<\/em><\/p>\n<p><img decoding=\"async\" loading=\"lazy\" class=\"alignnone  wp-image-369\" src=\"http:\/\/endogene.fr\/wp-content\/uploads\/2022\/02\/Zone-Spleenique_JP-NOGUE\u0300S.jpg\" alt=\"\" width=\"465\" height=\"465\" srcset=\"http:\/\/endogene.fr\/wp-content\/uploads\/2022\/02\/Zone-Spleenique_JP-NOGUE\u0300S.jpg 570w, http:\/\/endogene.fr\/wp-content\/uploads\/2022\/02\/Zone-Spleenique_JP-NOGUE\u0300S-300x300.jpg 300w, http:\/\/endogene.fr\/wp-content\/uploads\/2022\/02\/Zone-Spleenique_JP-NOGUE\u0300S-150x150.jpg 150w, http:\/\/endogene.fr\/wp-content\/uploads\/2022\/02\/Zone-Spleenique_JP-NOGUE\u0300S-100x100.jpg 100w\" sizes=\"(max-width: 465px) 100vw, 465px\" \/><\/p>\n","protected":false},"excerpt":{"rendered":"<p>ZONE SPLEENINQUE La zone spleenique fait r\u00e9f\u00e9rence au traitement par chimioth\u00e9rapie que j\u2019ai suivi de 2015 \u00e0 2018 pour un lymphome de la zone marginale spl\u00e9nique, touchant une zone ganglionnaire et affectant la rate. Une maladie indolente qui avait d\u00e9but\u00e9 des ann\u00e9es auparavant \u00e0 mon insu, instaurant en moi un mauvais pressentiment et un \u00ab\u00a0spleen\u00a0\u00bb &hellip; <\/p>\n<p class=\"link-more\"><a href=\"http:\/\/www.endogene.fr\/?page_id=368\" class=\"more-link\">Continuer la lecture<span class=\"screen-reader-text\"> de &laquo;&nbsp;Zone Spleenique&nbsp;&raquo;<\/span><\/a><\/p>\n","protected":false},"author":1,"featured_media":0,"parent":0,"menu_order":0,"comment_status":"closed","ping_status":"closed","template":"","meta":[],"_links":{"self":[{"href":"http:\/\/www.endogene.fr\/index.php?rest_route=\/wp\/v2\/pages\/368"}],"collection":[{"href":"http:\/\/www.endogene.fr\/index.php?rest_route=\/wp\/v2\/pages"}],"about":[{"href":"http:\/\/www.endogene.fr\/index.php?rest_route=\/wp\/v2\/types\/page"}],"author":[{"embeddable":true,"href":"http:\/\/www.endogene.fr\/index.php?rest_route=\/wp\/v2\/users\/1"}],"replies":[{"embeddable":true,"href":"http:\/\/www.endogene.fr\/index.php?rest_route=%2Fwp%2Fv2%2Fcomments&post=368"}],"version-history":[{"count":1,"href":"http:\/\/www.endogene.fr\/index.php?rest_route=\/wp\/v2\/pages\/368\/revisions"}],"predecessor-version":[{"id":370,"href":"http:\/\/www.endogene.fr\/index.php?rest_route=\/wp\/v2\/pages\/368\/revisions\/370"}],"wp:attachment":[{"href":"http:\/\/www.endogene.fr\/index.php?rest_route=%2Fwp%2Fv2%2Fmedia&parent=368"}],"curies":[{"name":"wp","href":"https:\/\/api.w.org\/{rel}","templated":true}]}}