{"id":371,"date":"2022-02-24T12:04:50","date_gmt":"2022-02-24T12:04:50","guid":{"rendered":"http:\/\/www.endogene.fr\/?page_id=371"},"modified":"2022-02-24T12:04:50","modified_gmt":"2022-02-24T12:04:50","slug":"one-shot","status":"publish","type":"page","link":"http:\/\/www.endogene.fr\/?page_id=371","title":{"rendered":"One Shot"},"content":{"rendered":"<p>ONE SHOT<\/p>\n<p>Des photographies autonomes, de la photographie de rue \u00e0 la contemplation de la Nature, quand mes sens sont au contact du monde sensible. Une apparente r\u00e9alit\u00e9 concr\u00e8te.<\/p>\n<p><em>One shot pictures, from street photography to contemplation of Nature, when my senses are in touch with the sensitive world. An apparent concrete reality.<\/em><\/p>\n<p><img decoding=\"async\" loading=\"lazy\" class=\"alignnone  wp-image-372\" src=\"http:\/\/endogene.fr\/wp-content\/uploads\/2022\/02\/One-Shot_JP-NOGUE\u0300S.jpg\" alt=\"\" width=\"476\" height=\"476\" srcset=\"http:\/\/endogene.fr\/wp-content\/uploads\/2022\/02\/One-Shot_JP-NOGUE\u0300S.jpg 570w, http:\/\/endogene.fr\/wp-content\/uploads\/2022\/02\/One-Shot_JP-NOGUE\u0300S-300x300.jpg 300w, http:\/\/endogene.fr\/wp-content\/uploads\/2022\/02\/One-Shot_JP-NOGUE\u0300S-150x150.jpg 150w, http:\/\/endogene.fr\/wp-content\/uploads\/2022\/02\/One-Shot_JP-NOGUE\u0300S-100x100.jpg 100w\" sizes=\"(max-width: 476px) 100vw, 476px\" \/><\/p>\n","protected":false},"excerpt":{"rendered":"<p>ONE SHOT Des photographies autonomes, de la photographie de rue \u00e0 la contemplation de la Nature, quand mes sens sont au contact du monde sensible. Une apparente r\u00e9alit\u00e9 concr\u00e8te. One shot pictures, from street photography to contemplation of Nature, when my senses are in touch with the sensitive world. An apparent concrete reality.<\/p>\n","protected":false},"author":1,"featured_media":0,"parent":0,"menu_order":0,"comment_status":"closed","ping_status":"closed","template":"","meta":[],"_links":{"self":[{"href":"http:\/\/www.endogene.fr\/index.php?rest_route=\/wp\/v2\/pages\/371"}],"collection":[{"href":"http:\/\/www.endogene.fr\/index.php?rest_route=\/wp\/v2\/pages"}],"about":[{"href":"http:\/\/www.endogene.fr\/index.php?rest_route=\/wp\/v2\/types\/page"}],"author":[{"embeddable":true,"href":"http:\/\/www.endogene.fr\/index.php?rest_route=\/wp\/v2\/users\/1"}],"replies":[{"embeddable":true,"href":"http:\/\/www.endogene.fr\/index.php?rest_route=%2Fwp%2Fv2%2Fcomments&post=371"}],"version-history":[{"count":1,"href":"http:\/\/www.endogene.fr\/index.php?rest_route=\/wp\/v2\/pages\/371\/revisions"}],"predecessor-version":[{"id":373,"href":"http:\/\/www.endogene.fr\/index.php?rest_route=\/wp\/v2\/pages\/371\/revisions\/373"}],"wp:attachment":[{"href":"http:\/\/www.endogene.fr\/index.php?rest_route=%2Fwp%2Fv2%2Fmedia&parent=371"}],"curies":[{"name":"wp","href":"https:\/\/api.w.org\/{rel}","templated":true}]}}