{"id":731,"date":"2026-03-13T13:39:26","date_gmt":"2026-03-13T13:39:26","guid":{"rendered":"http:\/\/www.endogene.fr\/?page_id=731"},"modified":"2026-03-13T14:04:37","modified_gmt":"2026-03-13T14:04:37","slug":"mimesis-eidolon","status":"publish","type":"page","link":"http:\/\/www.endogene.fr\/?page_id=731","title":{"rendered":"Mim\u00e8sis &#038; Eidolon"},"content":{"rendered":"<p>&nbsp;<\/p>\n<p><img decoding=\"async\" loading=\"lazy\" class=\"alignnone size-full wp-image-732\" src=\"http:\/\/endogene.fr\/wp-content\/uploads\/2026\/03\/Affiche-Lecture-MimesisEidolonCertains-cherchent-des-Soleils_V3TER.png\" alt=\"\" width=\"2350\" height=\"1502\" srcset=\"http:\/\/endogene.fr\/wp-content\/uploads\/2026\/03\/Affiche-Lecture-MimesisEidolonCertains-cherchent-des-Soleils_V3TER.png 2350w, http:\/\/endogene.fr\/wp-content\/uploads\/2026\/03\/Affiche-Lecture-MimesisEidolonCertains-cherchent-des-Soleils_V3TER-300x192.png 300w, http:\/\/endogene.fr\/wp-content\/uploads\/2026\/03\/Affiche-Lecture-MimesisEidolonCertains-cherchent-des-Soleils_V3TER-1024x654.png 1024w, http:\/\/endogene.fr\/wp-content\/uploads\/2026\/03\/Affiche-Lecture-MimesisEidolonCertains-cherchent-des-Soleils_V3TER-768x491.png 768w, http:\/\/endogene.fr\/wp-content\/uploads\/2026\/03\/Affiche-Lecture-MimesisEidolonCertains-cherchent-des-Soleils_V3TER-1536x982.png 1536w, http:\/\/endogene.fr\/wp-content\/uploads\/2026\/03\/Affiche-Lecture-MimesisEidolonCertains-cherchent-des-Soleils_V3TER-2048x1309.png 2048w\" sizes=\"(max-width: 767px) 89vw, (max-width: 1000px) 54vw, (max-width: 1071px) 543px, 580px\" \/><\/p>\n<p><strong>lecture musicale, 40 min <\/strong><\/p>\n<p>un voyage musical \u00e0 bord du Transsib\u00e9rien, pouvant \u00eatre accompagn\u00e9 par une exposition de photographies issues de la s\u00e9rie de Jean-Jacques Santucci intitul\u00e9e <a href=\"https:\/\/www.imagesplurielles.com\/fr\/accueil\/152-certains-cherchent-des-soleils.html\"><strong><em>Certains cherchent des soleils<\/em><\/strong><\/a><\/p>\n<p>texte, voix : <a href=\"http:\/\/emmanuellesarrouy.com\/\">Emmanuelle Sarrouy<\/a><\/p>\n<p>musique, photograhies : Jean-Jacques Santucci<\/p>\n<p>cr\u00e9ation 2026 @ Collectif Endog\u00e8ne<\/p>\n<p>&nbsp;<\/p>\n<p><em><strong>EXTRAIT\u00a0<\/strong><\/em><\/p>\n<p class=\"p1\"><span class=\"s1\"><b>L<\/b><\/span><span class=\"s2\">e transsib\u00e9rien ainsi myst\u00e9rieusement habit\u00e9 prenait des airs de train fant\u00f4me plongeant dans cette nuit de lune bleue au c\u0153ur de l\u2019\u00e2me russe, celle de Gogol de Pouchkine et de Dosto\u00efevesky sans doute un peu aussi.<span class=\"Apple-converted-space\">\u00a0<\/span><\/span><\/p>\n<p class=\"p1\"><span class=\"s1\"><b>D<\/b><\/span><span class=\"s2\">es troisi\u00e8mes aux premi\u00e8res classes tra\u00eenaient encore quelques soldats un peu \u00e9m\u00e9ch\u00e9s, des familles de migrants d\u00e9sempar\u00e9es et deux ou trois couples de la haute soci\u00e9t\u00e9, touristes d\u00e9phas\u00e9s en mal de grands espaces, d\u2019aventure humaine et de voyage int\u00e9rieur. Les autres dormaient \u00e0 poings serr\u00e9s. La seconde pleine lune les baignait tous d\u2019une lumi\u00e8re \u00e9trange et fantastique qui enfin les r\u00e9unissait. Comme si le transsib\u00e9rien se chargeait de pacifier cette l\u00e9gendaire et \u00e9ternelle lutte des classes.<\/span><\/p>\n<p class=\"p1\"><span class=\"s2\">Et puis apr\u00e8s quelques heures flottantes, dans le froid sp\u00e9cial des matins de voyage cher \u00e0 F.J. Ossang, une chaude odeur de th\u00e9, \u00e0 la bergamote sans aucun doute, et un air lancinant envahissaient les wagons embu\u00e9s. Dimitri y \u00e9tait forc\u00e9ment pour quelque chose.<\/span><\/p>\n<p class=\"p3\"><span class=\"s2\"><i>Blue Moon<br \/>\nYou saw me standing alone<br \/>\nWithout a dream in my heart<span class=\"Apple-converted-space\">\u00a0<\/span><\/i><\/span><\/p>\n<p class=\"p3\"><span class=\"s2\"><i>Without a love of my own<br \/>\nBlue Moon\u2026<\/i><\/span><\/p>\n<p>[\u2026]<\/p>\n<p class=\"p1\"><span class=\"s1\"><b>A<\/b><\/span><span class=\"s2\">u rythme cardiaque du train le temps s\u2019\u00e9coulait. Les monts Oural lui rappelaient son enfance et ses Alpes natales. Ses amiti\u00e9s. \u00c0 la fronti\u00e8re entre la France et l\u2019Italie, Cesare Pavese lui avait souffl\u00e9. Vivre est un m\u00e9tier. Ici il passait de l\u2019Europe \u00e0 l\u2019Asie. On change parfois d\u2019\u00e9poque le temps d\u2019une travers\u00e9e. La terre foul\u00e9e lui racontait l\u2019\u00e9ternelle histoire de l\u2019exil et de la migration des peuples. Sur les rives du Lac Ba\u00efkal il reprenait son souffle et cessait un instant de penser. Sur son avenir, sur son pass\u00e9. Sur la vie des hommes et de quelques belles \u00e2mes rencontr\u00e9es. C\u2019\u00e9tait \u00e0 elles qu\u2019il fallait ind\u00e9finiment s\u2019accrocher. Pour ne pas sombrer. Plongeant dans la majest\u00e9 miroitante d\u2019un naturel r\u00e9servoir d\u2019eau douce, il reprenait des forces. Il le fallait. Il avait \u00e9t\u00e9 imm\u00e9diatement s\u00e9duit par <i>l\u2019\u0153il bleu de Sib\u00e9rie<\/i>. <i>Choudodi\u00e9 Ba\u00efkal !<\/i> Miraculeux Ba\u00efkal\u00a0! La p\u00e9n\u00e9trante odeur de bergamote se rapprochait. Le chat d\u2019un si\u00e8ge \u00e0 l\u2019autre sautillait, moustaches et papilles en \u00e9veil. Dimitri faisait \u00e0 tue-t\u00eate sa tourn\u00e9e.<\/span><\/p>\n<p><img decoding=\"async\" loading=\"lazy\" class=\"alignnone size-full wp-image-736\" src=\"http:\/\/endogene.fr\/wp-content\/uploads\/2026\/03\/MimesisEidolonCertains-cherchent-des-Soleils_V1TER.png\" alt=\"\" width=\"2332\" height=\"1488\" srcset=\"http:\/\/endogene.fr\/wp-content\/uploads\/2026\/03\/MimesisEidolonCertains-cherchent-des-Soleils_V1TER.png 2332w, http:\/\/endogene.fr\/wp-content\/uploads\/2026\/03\/MimesisEidolonCertains-cherchent-des-Soleils_V1TER-300x191.png 300w, http:\/\/endogene.fr\/wp-content\/uploads\/2026\/03\/MimesisEidolonCertains-cherchent-des-Soleils_V1TER-1024x653.png 1024w, http:\/\/endogene.fr\/wp-content\/uploads\/2026\/03\/MimesisEidolonCertains-cherchent-des-Soleils_V1TER-768x490.png 768w, http:\/\/endogene.fr\/wp-content\/uploads\/2026\/03\/MimesisEidolonCertains-cherchent-des-Soleils_V1TER-1536x980.png 1536w, http:\/\/endogene.fr\/wp-content\/uploads\/2026\/03\/MimesisEidolonCertains-cherchent-des-Soleils_V1TER-2048x1307.png 2048w\" sizes=\"(max-width: 767px) 89vw, (max-width: 1000px) 54vw, (max-width: 1071px) 543px, 580px\" \/><\/p>\n","protected":false},"excerpt":{"rendered":"<p>&nbsp; lecture musicale, 40 min un voyage musical \u00e0 bord du Transsib\u00e9rien, pouvant \u00eatre accompagn\u00e9 par une exposition de photographies issues de la s\u00e9rie de Jean-Jacques Santucci intitul\u00e9e Certains cherchent des soleils texte, voix : Emmanuelle Sarrouy musique, photograhies : Jean-Jacques Santucci cr\u00e9ation 2026 @ Collectif Endog\u00e8ne &nbsp; EXTRAIT\u00a0 Le transsib\u00e9rien ainsi myst\u00e9rieusement habit\u00e9 prenait &hellip; <\/p>\n<p class=\"link-more\"><a href=\"http:\/\/www.endogene.fr\/?page_id=731\" class=\"more-link\">Continuer la lecture<span class=\"screen-reader-text\"> de &laquo;&nbsp;Mim\u00e8sis &#038; Eidolon&nbsp;&raquo;<\/span><\/a><\/p>\n","protected":false},"author":1,"featured_media":0,"parent":0,"menu_order":0,"comment_status":"closed","ping_status":"closed","template":"","meta":[],"_links":{"self":[{"href":"http:\/\/www.endogene.fr\/index.php?rest_route=\/wp\/v2\/pages\/731"}],"collection":[{"href":"http:\/\/www.endogene.fr\/index.php?rest_route=\/wp\/v2\/pages"}],"about":[{"href":"http:\/\/www.endogene.fr\/index.php?rest_route=\/wp\/v2\/types\/page"}],"author":[{"embeddable":true,"href":"http:\/\/www.endogene.fr\/index.php?rest_route=\/wp\/v2\/users\/1"}],"replies":[{"embeddable":true,"href":"http:\/\/www.endogene.fr\/index.php?rest_route=%2Fwp%2Fv2%2Fcomments&post=731"}],"version-history":[{"count":5,"href":"http:\/\/www.endogene.fr\/index.php?rest_route=\/wp\/v2\/pages\/731\/revisions"}],"predecessor-version":[{"id":739,"href":"http:\/\/www.endogene.fr\/index.php?rest_route=\/wp\/v2\/pages\/731\/revisions\/739"}],"wp:attachment":[{"href":"http:\/\/www.endogene.fr\/index.php?rest_route=%2Fwp%2Fv2%2Fmedia&parent=731"}],"curies":[{"name":"wp","href":"https:\/\/api.w.org\/{rel}","templated":true}]}}